{"id":40,"date":"2013-02-07T21:12:22","date_gmt":"2013-02-07T20:12:22","guid":{"rendered":"http:\/\/speglakommunikation.se\/?page_id=40"},"modified":"2023-10-10T14:33:54","modified_gmt":"2023-10-10T13:33:54","slug":"tjanster","status":"publish","type":"page","link":"https:\/\/speglakommunikation.se\/?page_id=40","title":{"rendered":"Tj\u00e4nster"},"content":{"rendered":"<ul>\n<li><strong>F\u00f6r\u00e4ndringskommunikation<br \/>\n<\/strong>Genom att ha med en f\u00f6r\u00e4ndringskommunikat\u00f6r i projektet, kan du som ledare f\u00e5 r\u00e5d och st\u00f6d om n\u00e4r och hur du b\u00f6r kommunicera och involvera dina medarbetare. D\u00e4rmed kommer ni lyckas b\u00e4ttre med projektet, vad det \u00e4n handlar om. En f\u00f6r\u00e4ndringskommunikat\u00f6r kan \u00e4ven anlitas till punktinsatser, som initial r\u00e5dgivning, f\u00f6rel\u00e4sningar, utbildningar eller facilitering och processledning mm.<\/p>\n<ul>\n<li><a href=\"https:\/\/speglakommunikation.se\/?page_id=364\"><strong>Deltagaraktiva processer och workshops<\/strong><\/a><br \/>\nVi erbjuder processledning av f\u00f6r\u00e4ndringsarbete samt facilitering av deltagaraktiva workshops som leder till konkreta resultat. Vi anv\u00e4nder bepr\u00f6vade metoder som fungerar och ger resultat.<\/li>\n<li><a href=\"http:\/\/speglakommunikation.se\/?page_id=403\"><strong>Utbildning i f\u00f6r\u00e4ndringskommunikation<\/strong><\/a><br \/>\n<span style=\"font-size: 1.3rem;\">Beh\u00f6ver ni inspiration och verktyg till att skapa mer delaktighet och engagemang i er organisation? Beh\u00f6ver ni f\u00f6rb\u00e4ttra era \u201cvanliga\u201d m\u00f6ten f\u00f6r att uppn\u00e5 m\u00e5l och syfte? St\u00e5r ni inf\u00f6r ett f\u00f6r\u00e4ndringsarbete som ni beh\u00f6ver samla krafter f\u00f6r att lyckas med? D\u00e5 \u00e4r detta kursen f\u00f6r er.<\/p>\n<p><\/span><\/li>\n<\/ul>\n<\/li>\n<li><strong>Projektledning\u00a0<\/strong><br \/>\nProjektledning av kundevent, m\u00e4ssor, interna m\u00f6ten, filmproduktioner mm. Vi tar hand om allt fr\u00e5n projektplanering och inneh\u00e5ll till bokning av talare, lokal, catering och underh\u00e5llning.<\/li>\n<li><strong>Kommunikat\u00f6r\/Skribent\/Webbredakt\u00f6r<br \/>\n<\/strong>Beh\u00f6ver ni hj\u00e4lp att skriva artiklar och nyheter? Kanske h\u00e5lla era webbsidor uppdaterade n\u00e4r ni sj\u00e4lva inte hinner med? Vi hj\u00e4lper till p\u00e5 plats eller p\u00e5 distans.<\/li>\n<li><strong>Styrelseledamot<\/strong><br \/>\nAnlita en engagerad styrelseledamot som kan bidra med v\u00e4rdefulla kunskaper inom strategisk kommunikation och effektivt styrelsearbete.<\/li>\n<\/ul>\n","protected":false},"excerpt":{"rendered":"<p>F\u00f6r\u00e4ndringskommunikation Genom att ha med en f\u00f6r\u00e4ndringskommunikat\u00f6r i projektet, kan du som ledare f\u00e5 r\u00e5d och st\u00f6d om n\u00e4r och hur du b\u00f6r kommunicera och involvera dina medarbetare. D\u00e4rmed kommer ni lyckas b\u00e4ttre med projektet, vad det \u00e4n handlar om. En f\u00f6r\u00e4ndringskommunikat\u00f6r kan \u00e4ven anlitas till punktinsatser, som initial r\u00e5dgivning, f\u00f6rel\u00e4sningar, utbildningar eller facilitering och [&hellip;]<\/p>\n","protected":false},"author":2,"featured_media":343,"parent":0,"menu_order":0,"comment_status":"closed","ping_status":"closed","template":"tmp-one-column.php","meta":{"footnotes":""},"class_list":["post-40","page","type-page","status-publish","has-post-thumbnail","hentry"],"_links":{"self":[{"href":"https:\/\/speglakommunikation.se\/index.php?rest_route=\/wp\/v2\/pages\/40","targetHints":{"allow":["GET"]}}],"collection":[{"href":"https:\/\/speglakommunikation.se\/index.php?rest_route=\/wp\/v2\/pages"}],"about":[{"href":"https:\/\/speglakommunikation.se\/index.php?rest_route=\/wp\/v2\/types\/page"}],"author":[{"embeddable":true,"href":"https:\/\/speglakommunikation.se\/index.php?rest_route=\/wp\/v2\/users\/2"}],"replies":[{"embeddable":true,"href":"https:\/\/speglakommunikation.se\/index.php?rest_route=%2Fwp%2Fv2%2Fcomments&post=40"}],"version-history":[{"count":93,"href":"https:\/\/speglakommunikation.se\/index.php?rest_route=\/wp\/v2\/pages\/40\/revisions"}],"predecessor-version":[{"id":546,"href":"https:\/\/speglakommunikation.se\/index.php?rest_route=\/wp\/v2\/pages\/40\/revisions\/546"}],"wp:featuredmedia":[{"embeddable":true,"href":"https:\/\/speglakommunikation.se\/index.php?rest_route=\/wp\/v2\/media\/343"}],"wp:attachment":[{"href":"https:\/\/speglakommunikation.se\/index.php?rest_route=%2Fwp%2Fv2%2Fmedia&parent=40"}],"curies":[{"name":"wp","href":"https:\/\/api.w.org\/{rel}","templated":true}]}}